{"id":631,"date":"2021-04-19T13:02:37","date_gmt":"2021-04-19T13:02:37","guid":{"rendered":"https:\/\/ilovesandybeach.org\/home-2\/"},"modified":"2025-11-11T16:14:32","modified_gmt":"2025-11-11T16:14:32","slug":"home-2","status":"publish","type":"page","link":"https:\/\/ilovesandybeach.org\/fr\/","title":{"rendered":"Accueil"},"content":{"rendered":"<!--themify_builder_content-->\n<div id=\"themify_builder_content-631\" data-postid=\"631\" class=\"themify_builder_content themify_builder_content-631 themify_builder tf_clear\">\n                    <div  data-css_id=\"tx1a159\" data-lazy=\"1\" class=\"module_row themify_builder_row fullwidth tb_tx1a159 tb_first tf_w\">\n                        <div class=\"row_inner col_align_bottom tb_col_count_2 tf_box tf_rel\">\n                        <div  data-lazy=\"1\" class=\"module_column tb-column col4-2 tb_nw9q160 first\">\n                    <!-- module text -->\n<div  class=\"module module-text tb_jhwe998    wow\" data-tf-animation=\"fadeInUp\" data-lazy=\"1\">\n        <div  class=\"tb_text_wrap\">\n        <h1>J'aime<br>Sandy Beach<\/h1>    <\/div>\n<\/div>\n<!-- \/module text --><!-- module text -->\n<div  class=\"module module-text tb_muf995\" data-lazy=\"1\">\n        <div  class=\"tb_text_wrap\">\n        <p>Pour l\u2019environnement,<br>Pour la communaut\u00e9,<br>Pour les g\u00e9n\u00e9rations \u00e0 venir\u2026<\/p>\n<p>Sauvons Sandy Beach !<\/p>    <\/div>\n<\/div>\n<!-- \/module text --><!-- module buttons -->\n<div  class=\"module module-buttons tb_ea1h389 buttons-horizontal solid   circle\" data-lazy=\"1\">\n        <div class=\"module-buttons-item tf_in_flx\">\n                        <a href=\"https:\/\/ilovesandybeach.org\/fr\/donate\/\" class=\"ui builder_button tf_in_flx tb_default_color\" >\n                                                Faites un don pour sauver Sandy Beach                                        <\/a>\n                <\/div>\n            <\/div>\n<!-- \/module buttons -->\n        <\/div>\n                    <div  data-lazy=\"1\" class=\"module_column tb-column col4-2 tb_zpwc685 last\">\n                    <!-- module image -->\n<div  class=\"module module-image tb_u0s637 image-center   auto_fullwidth tf_mw wow\" data-tf-animation=\"fadeInRight\" data-lazy=\"1\">\n        <div class=\"image-wrap tf_rel tf_mw\">\n            <img loading=\"lazy\" decoding=\"async\" src=\"https:\/\/thecreativestudio.ca\/CTempdev\/wp-content\/uploads\/2025\/08\/Header.jpg\" width=\"1000\" height=\"533\" title=\"Accueil\" alt=\"Home\">    \n        <\/div>\n    <!-- \/image-wrap -->\n    \n        <\/div>\n<!-- \/module image -->        <\/div>\n                        <\/div>\n        <\/div>\n                        <div  data-css_id=\"aka338\" data-lazy=\"1\" class=\"module_row themify_builder_row fullwidth tb_aka338 tf_w\">\n                        <div class=\"row_inner col_align_middle gutter-none tb_col_count_2 tf_box tf_rel\">\n                        <div  data-lazy=\"1\" class=\"module_column tb-column col4-2 tb_fk5z39 first\">\n                            <div  data-lazy=\"1\" class=\"module_subrow themify_builder_sub_row tf_w col_align_top tb_col_count_1 tb_wctf775\">\n                <div  data-lazy=\"1\" class=\"module_column sub_column col-full tb_0j3w776 first\">\n                    <!-- module image -->\n<div  class=\"module module-image tb_rbws314 image-center   tf_mw\" data-lazy=\"1\" data-lax-translate-y=\"(vh*1) 0,(vh*0) -70\" data-lax=\"true\">\n        <div class=\"image-wrap tf_rel tf_mw\">\n            <img loading=\"lazy\" decoding=\"async\" src=\"https:\/\/thecreativestudio.ca\/CTempdev\/wp-content\/uploads\/2025\/08\/SB-01.jpg\" width=\"800\" height=\"600\" title=\"Accueil\" alt=\"Home\">    \n        <\/div>\n    <!-- \/image-wrap -->\n    \n        <\/div>\n<!-- \/module image -->        <\/div>\n                    <\/div>\n                <\/div>\n                    <div  data-lazy=\"1\" class=\"module_column tb-column col4-2 tb_0qs7529 last\">\n                    <!-- module text -->\n<div  class=\"module module-text tb_m1v6303\" data-lazy=\"1\">\n        <div  class=\"tb_text_wrap\">\n        <h2>\u00c0 propos de nous<\/h2>\n<p>Nous sommes des b\u00e9n\u00e9voles d\u00e9vou\u00e9.e.s qui se sont r\u00e9unis pour former le <em>Groupe Sauvons Sandy Beach.<\/em> Nous tenons \u00e0 c\u0153ur la protection de Sandy Beach, un havre naturel pr\u00e9cieux qui est menac\u00e9 par des projets de d\u00e9veloppement immobilier depuis des d\u00e9cennies.<\/p>\n<p>Depuis 2024, notre groupe est d\u00e9sormais sous l\u2019\u00e9gide de la <em>Conversation de Sandy Beach,<\/em> qui a le statut d\u2019organisme de bienfaisance.<\/p>\n<p>Nous reconnaissons que le d\u00e9veloppement est n\u00e9cessaire et peut apporter de nombreux avantages. Nous pensons \u00e9galement que le lieu et la mani\u00e8re dont le d\u00e9veloppement se produit sont importants. Sandy Beach n\u2019est pas le bon endroit!<\/p>\n<p><strong><em>\u00ab Une fois d\u00e9truite, la beaut\u00e9 de la nature ne peut \u00eatre rachet\u00e9e \u00e0 aucun prix \u00bb \u2013 Ansel Adams<\/em><\/strong><\/p>    <\/div>\n<\/div>\n<!-- \/module text -->        <\/div>\n                        <\/div>\n        <\/div>\n                        <div  data-css_id=\"86g634\" data-lazy=\"1\" class=\"module_row themify_builder_row fullwidth tb_86g634 tf_w\">\n                        <div class=\"row_inner col_align_middle gutter-none tb_col_count_2 tf_box tf_rel\">\n                        <div  data-lazy=\"1\" class=\"module_column tb-column col4-2 tb_hje635 first\">\n                    <!-- module text -->\n<div  class=\"module module-text tb_iwc538\" data-lazy=\"1\">\n        <div  class=\"tb_text_wrap\">\n        <h2>Notre Vision<\/h2>\n<p>Prot\u00e9ger Sandy Beach dans sa totalit\u00e9 : milieux humides, bois\u00e9s, plage, rivi\u00e8re, afin de maintenir le r\u00f4le vital de cet \u00e9cosyst\u00e8me diversif\u00e9, o\u00f9 les gens peuvent profiter de l\u2019acc\u00e8s \u00e0 un havre naturel qui contribue au bien-\u00eatre de la communaut\u00e9.<\/p>    <\/div>\n<\/div>\n<!-- \/module text -->        <\/div>\n                    <div  data-lazy=\"1\" class=\"module_column tb-column col4-2 tb_omky37 last\">\n                            <div  data-lazy=\"1\" class=\"module_subrow themify_builder_sub_row tf_w col_align_top tb_col_count_1 tb_y7f935\">\n                <div  data-lazy=\"1\" class=\"module_column sub_column col-full tb_1let36 first\">\n                    <!-- module image -->\n<div  class=\"module module-image tb_c8m736 image-center   tf_mw\" data-lazy=\"1\" data-lax-translate-y=\"(vh*1) 0,(vh*0) -70\" data-lax=\"true\">\n        <div class=\"image-wrap tf_rel tf_mw\">\n            <img loading=\"lazy\" decoding=\"async\" src=\"https:\/\/thecreativestudio.ca\/CTempdev\/wp-content\/uploads\/2025\/08\/IMG_6044-rotated.jpg\" width=\"800\" height=\"437\" title=\"Accueil\" alt=\"Home\">    \n        <\/div>\n    <!-- \/image-wrap -->\n    \n        <\/div>\n<!-- \/module image -->        <\/div>\n                    <\/div>\n                <\/div>\n                        <\/div>\n        <\/div>\n                        <div  data-lazy=\"1\" class=\"module_row themify_builder_row tb_61qb289 tf_w\">\n                        <div class=\"row_inner col_align_middle tb_col_count_2 tf_box tf_rel\">\n                        <div  data-lazy=\"1\" class=\"module_column tb-column col4-2 tb_m5dm290 first\">\n                            <div  data-lazy=\"1\" class=\"module_subrow themify_builder_sub_row tf_w col_align_top tb_col_count_1 tb_zhx1544\">\n                <div  data-lazy=\"1\" class=\"module_column sub_column col-full tb_uc8j546 first\">\n                    <!-- module image -->\n<div  class=\"module module-image tb_tzac606 image-center   tf_mw wow\" data-tf-animation=\"fadeInLeft\" data-lazy=\"1\">\n        <div class=\"image-wrap tf_rel tf_mw\">\n            <img loading=\"lazy\" decoding=\"async\" src=\"https:\/\/thecreativestudio.ca\/CTempdev\/wp-content\/uploads\/2025\/08\/IMG_6045-rotated.jpg\" width=\"2016\" height=\"1512\" title=\"Accueil\" alt=\"Home\">    \n        <\/div>\n    <!-- \/image-wrap -->\n    \n        <\/div>\n<!-- \/module image -->        <\/div>\n                    <\/div>\n                <\/div>\n                    <div  data-lazy=\"1\" class=\"module_column tb-column col4-2 tb_9l1c139 last\">\n                    <!-- module text -->\n<div  class=\"module module-text tb_mqei544\" data-lazy=\"1\">\n        <div  class=\"tb_text_wrap\">\n        <h2>Notre mission<\/h2>\n<p>Sensibiliser le public \u00e0 l'importance et l'urgence de prot\u00e9ger Sandy Beach pour les g\u00e9n\u00e9rations futures. Minimiser l'impact sur les contribuables en aidant \u00e0 assurer les moyens l\u00e9gaux et financiers qui m\u00e8neront \u00e0 une gestion \u00e0 long terme de ce pr\u00e9cieux espace naturel.<\/p>    <\/div>\n<\/div>\n<!-- \/module text -->        <\/div>\n                        <\/div>\n        <\/div>\n                        <div  data-lazy=\"1\" class=\"module_row themify_builder_row tb_h5su294 tf_w\">\n                        <div class=\"row_inner col_align_top tb_col_count_4 tf_box tf_rel\">\n                        <div  data-lazy=\"1\" class=\"module_column tb-column col4-1 tb_l9xk295 first\">\n                    <!-- module icon -->\n<div  class=\"module module-icon tb_d4m8353    icon_horizontal\" data-lazy=\"1\">\n\t\t\t<div class=\"module-icon-item\">\n\t\t\t\t\t\t\t<a href=\"https:\/\/ilovesandybeach.org\/fr\/about\/\">\n\t\t\t\t\t\t\t\t\t\t\t\t\t\t\t\t\t<em class=\"tf_box\"\n\t\t\t\t\t\t\t\t\t\t\t\t style=\"background-color:#922525;color:#edf3ff\"\t\t\t\t\t><svg  class=\"tf_fa tf-fas-info-circle\" aria-hidden=\"true\"><use href=\"#tf-fas-info-circle\"><\/use><\/svg><\/em>\n\t\t\t\t\t\t\t\t\t\t\t\t\t\t\t\t\t\t\t<span>D\u00e9couvrir plus sur Sandy Beach<\/span>\n\t\t\t\t\t\t\t\t\t\t\t\t\t\t\t\t\t<\/a>\n\t\t\t\t\t<\/div>\n\t<\/div>\n<!-- \/module icon -->\n        <\/div>\n                    <div  data-lazy=\"1\" class=\"module_column tb-column col4-1 tb_m53f466\">\n                    <!-- module icon -->\n<div  class=\"module module-icon tb_wjjm974    icon_horizontal\" data-lazy=\"1\">\n\t\t\t<div class=\"module-icon-item\">\n\t\t\t\t\t\t\t<a href=\"https:\/\/ilovesandybeach.org\/fr\/maps\/\">\n\t\t\t\t\t\t\t\t\t\t\t\t\t\t\t\t\t<em class=\"tf_box\"\n\t\t\t\t\t\t\t\t\t\t\t\t style=\"background-color:#922525;color:#edf3ff\"\t\t\t\t\t><svg  class=\"tf_fa tf-fas-map-marked\" aria-hidden=\"true\"><use href=\"#tf-fas-map-marked\"><\/use><\/svg><\/em>\n\t\t\t\t\t\t\t\t\t\t\t\t\t\t\t\t\t\t\t<span>Voir cartes<\/span>\n\t\t\t\t\t\t\t\t\t\t\t\t\t\t\t\t\t<\/a>\n\t\t\t\t\t<\/div>\n\t<\/div>\n<!-- \/module icon -->\n        <\/div>\n                    <div  data-lazy=\"1\" class=\"module_column tb-column col4-1 tb_w8pd466\">\n                    <!-- module icon -->\n<div  class=\"module module-icon tb_r4j0132    icon_horizontal\" data-lazy=\"1\">\n\t\t\t<div class=\"module-icon-item\">\n\t\t\t\t\t\t\t<a href=\"https:\/\/ilovesandybeach.org\/fr\/studies\/\">\n\t\t\t\t\t\t\t\t\t\t\t\t\t\t\t\t\t<em class=\"tf_box\"\n\t\t\t\t\t\t\t\t\t\t\t\t style=\"background-color:#922525;color:#edf3ff\"\t\t\t\t\t><svg  class=\"tf_fa tf-fas-book\" aria-hidden=\"true\"><use href=\"#tf-fas-book\"><\/use><\/svg><\/em>\n\t\t\t\t\t\t\t\t\t\t\t\t\t\t\t\t\t\t\t<span>Voir \u00e9tudes<\/span>\n\t\t\t\t\t\t\t\t\t\t\t\t\t\t\t\t\t<\/a>\n\t\t\t\t\t<\/div>\n\t<\/div>\n<!-- \/module icon -->\n        <\/div>\n                    <div  data-lazy=\"1\" class=\"module_column tb-column col4-1 tb_2kxa728 last\">\n                    <!-- module icon -->\n<div  class=\"module module-icon tb_3xq050    icon_horizontal\" data-lazy=\"1\">\n\t\t\t<div class=\"module-icon-item\">\n\t\t\t\t\t\t\t<a href=\"https:\/\/ilovesandybeach.org\/fr\/gallery\/\">\n\t\t\t\t\t\t\t\t\t\t\t\t\t\t\t\t\t<em class=\"tf_box\"\n\t\t\t\t\t\t\t\t\t\t\t\t style=\"background-color:#922525;color:#edf3ff\"\t\t\t\t\t><svg  class=\"tf_fa tf-far-picture-o\" aria-hidden=\"true\"><use href=\"#tf-far-picture-o\"><\/use><\/svg><\/em>\n\t\t\t\t\t\t\t\t\t\t\t\t\t\t\t\t\t\t\t<span>Voir galerie<\/span>\n\t\t\t\t\t\t\t\t\t\t\t\t\t\t\t\t\t<\/a>\n\t\t\t\t\t<\/div>\n\t<\/div>\n<!-- \/module icon -->\n        <\/div>\n                        <\/div>\n        <\/div>\n                        <div  data-lazy=\"1\" class=\"module_row themify_builder_row tb_vk82149 tf_w\">\n                        <div class=\"row_inner col_align_top tb_col_count_1 tf_box tf_rel\">\n                        <div  data-lazy=\"1\" class=\"module_column tb-column col-full tb_1s5k149 first\">\n                            <\/div>\n                        <\/div>\n        <\/div>\n        <\/div>\n<!--\/themify_builder_content-->","protected":false},"excerpt":{"rendered":"<p>I LoveSandy Beach<\/p>","protected":false},"author":1,"featured_media":0,"parent":0,"menu_order":0,"comment_status":"closed","ping_status":"closed","template":"","meta":{"footnotes":""},"class_list":["post-631","page","type-page","status-publish","hentry","has-post-title","has-post-date","has-post-category","has-post-tag","has-post-comment","has-post-author",""],"builder_content":"<h1>I Love<br>Sandy Beach<\/h1>\n<p>For the environment,<br>For the community,<br>For generations to come\u2026<\/p> <p>Let\u2019s Save Sandy Beach!<\/p>\n<a href=\"https:\/\/ilovesandybeach.org\/donate\/\" > Make a donation to Save Sandy Beach <\/a>\n<img src=\"https:\/\/thecreativestudio.ca\/CTempdev\/wp-content\/uploads\/2025\/08\/Header.jpg\" width=\"1000\" height=\"533\" title=\"Home\" alt=\"Home\">\n<img src=\"https:\/\/thecreativestudio.ca\/CTempdev\/wp-content\/uploads\/2025\/08\/SB-01.jpg\" width=\"800\" height=\"600\" title=\"Home\" alt=\"Home\">\n<h2>About Us<\/h2> <p>We are dedicated volunteers who came together as The <em>Save Sandy Beach Group.<\/em> We care passionately about protecting Sandy Beach, a cherished natural haven in Hudson, Quebec that has been under threat of development for decades.<\/p> <p>Our group now operates under the aegis of the <em>Sandy Beach Conservancy,<\/em> a not-for-profit organization created in 2024 that now has charitable status.<\/p> <p>We recognize that development is necessary and can bring many benefits. We also believe that it matters where and how development occurs. Sandy Beach is not the place!<\/p> <p><strong><em>\u201cOnce destroyed Nature\u2019s beauty cannot be repurchased at any price\u201d \u2013 Ansel Adams<\/em><\/strong><\/p>\n<h2>Our Vision<\/h2> <p>Protect all of Sandy Beach: wetlands, woodlands, beach and river, in order to continue the vital role of this diverse eco-system, where people enjoy access to a natural haven that contributes to the well-being of our community.<\/p>\n<img src=\"https:\/\/thecreativestudio.ca\/CTempdev\/wp-content\/uploads\/2025\/08\/IMG_6044-rotated.jpg\" width=\"800\" height=\"437\" title=\"Home\" alt=\"Home\">\n<img src=\"https:\/\/thecreativestudio.ca\/CTempdev\/wp-content\/uploads\/2025\/08\/IMG_6045-rotated.jpg\" width=\"2016\" height=\"1512\" title=\"Home\" alt=\"Home\">\n<h2>Our Mission<\/h2> <p>Raise awareness of the importance and urgency of protecting Sandy Beach for generations to come. Minimize the impact on taxpayers by helping to secure the legal and financial pathways leading to long term stewardship of this precious natural space.<\/p>\n<a href=\"https:\/\/ilovesandybeach.org\/about\/\"> <em style=\"background-color:#922525;color:#edf3ff\" ><svg aria-hidden=\"true\"><use href=\"#tf-fas-info-circle\"><\/use><\/svg><\/em> Learn more about Sandy Beach <\/a>\n<a href=\"https:\/\/ilovesandybeach.org\/maps\/\"> <em style=\"background-color:#922525;color:#edf3ff\" ><svg aria-hidden=\"true\"><use href=\"#tf-fas-map-marked\"><\/use><\/svg><\/em> View Maps <\/a>\n<a href=\"https:\/\/ilovesandybeach.org\/studies\/\"> <em style=\"background-color:#922525;color:#edf3ff\" ><svg aria-hidden=\"true\"><use href=\"#tf-fas-book\"><\/use><\/svg><\/em> View Studies <\/a>\n<a href=\"https:\/\/ilovesandybeach.org\/gallery\/\"> <em style=\"background-color:#922525;color:#edf3ff\" ><svg aria-hidden=\"true\"><use href=\"#tf-far-picture-o\"><\/use><\/svg><\/em> View Gallery <\/a>","_links":{"self":[{"href":"https:\/\/ilovesandybeach.org\/fr\/wp-json\/wp\/v2\/pages\/631","targetHints":{"allow":["GET"]}}],"collection":[{"href":"https:\/\/ilovesandybeach.org\/fr\/wp-json\/wp\/v2\/pages"}],"about":[{"href":"https:\/\/ilovesandybeach.org\/fr\/wp-json\/wp\/v2\/types\/page"}],"author":[{"embeddable":true,"href":"https:\/\/ilovesandybeach.org\/fr\/wp-json\/wp\/v2\/users\/1"}],"replies":[{"embeddable":true,"href":"https:\/\/ilovesandybeach.org\/fr\/wp-json\/wp\/v2\/comments?post=631"}],"version-history":[{"count":49,"href":"https:\/\/ilovesandybeach.org\/fr\/wp-json\/wp\/v2\/pages\/631\/revisions"}],"predecessor-version":[{"id":2405,"href":"https:\/\/ilovesandybeach.org\/fr\/wp-json\/wp\/v2\/pages\/631\/revisions\/2405"}],"wp:attachment":[{"href":"https:\/\/ilovesandybeach.org\/fr\/wp-json\/wp\/v2\/media?parent=631"}],"curies":[{"name":"wp","href":"https:\/\/api.w.org\/{rel}","templated":true}]}}