{"id":673,"date":"2025-08-27T15:15:46","date_gmt":"2025-08-27T15:15:46","guid":{"rendered":"https:\/\/ilovesandybeach.org\/maps-copy\/"},"modified":"2025-11-11T16:11:41","modified_gmt":"2025-11-11T16:11:41","slug":"donate","status":"publish","type":"page","link":"https:\/\/ilovesandybeach.org\/fr\/donate\/","title":{"rendered":"FAIRE UN DON"},"content":{"rendered":"<!--themify_builder_content-->\n<div id=\"themify_builder_content-673\" data-postid=\"673\" class=\"themify_builder_content themify_builder_content-673 themify_builder tf_clear\">\n                    <div  data-lazy=\"1\" class=\"module_row themify_builder_row tb_pmwm848 tb_first tf_w\">\n                        <div class=\"row_inner col_align_top tb_col_count_1 tf_box tf_rel\">\n                        <div  data-lazy=\"1\" class=\"module_column tb-column col-full tb_dtvf155 first\">\n                            <div  data-lazy=\"1\" class=\"module_subrow themify_builder_sub_row tf_w col_align_top tb_col_count_1 tb_nra8921\">\n                <div  data-lazy=\"1\" class=\"module_column sub_column col-full tb_qkbl012 first\">\n                    <!-- module text -->\n<div  class=\"module module-text tb_5tke048\" data-lazy=\"1\">\n        <div  class=\"tb_text_wrap\">\n        <h1>FAIRE UN DON<\/h1>    <\/div>\n<\/div>\n<!-- \/module text --><!-- module text -->\n<div  class=\"module module-text tb_7kp8265\" data-lazy=\"1\">\n        <div  class=\"tb_text_wrap\">\n        <p style=\"text-align: center;\">Merci de nous soutenir dans nos efforts pour prot\u00e9ger Sandy Beach - pour toujours!<br \/>\nVotre g\u00e9n\u00e9reux don contribuera \u00e0 faire avancer notre mission de \u00ab minimiser l'impact financier\nsur les contribuables (de Hudson) en aidant \u00e0 assurer les moyens l\u00e9gaux et financiers qui\nm\u00e8neront \u00e0 une gestion \u00e0 long terme de ce pr\u00e9cieux espace naturel. \u00bb \u00c0 ce titre, nous\nesp\u00e9rons utiliser les fonds recueillis pour aider \u00e0 acheter, et finalement entretenir, l'ensemble de\nSandy Beach, en collaboration avec la Ville d'Hudson.<br \/>\n<strong>La Conservation de Sandy Beach \u00e9mettra un re\u00e7u fiscal pour les dons de 50$ et plus.<\/strong><\/p>\n    <\/div>\n<\/div>\n<!-- \/module text -->        <\/div>\n                    <\/div>\n                <\/div>\n                        <\/div>\n        <\/div>\n                        <div  data-lazy=\"1\" class=\"module_row themify_builder_row tb_d46z228 tf_w\">\n                        <div class=\"row_inner col_align_top tb_col_count_1 tf_box tf_rel\">\n                        <div  data-lazy=\"1\" class=\"module_column tb-column col-full tb_g7r3223 first\">\n                            <div  data-lazy=\"1\" class=\"module_subrow themify_builder_sub_row tf_w col_align_top tb_col_count_1 tb_p9no630\">\n                <div  data-lazy=\"1\" class=\"module_column sub_column col-full tb_qxwq630 first\">\n                    <!-- module plain text -->\n<div  class=\"module module-plain-text tb_xo2o744\" data-lazy=\"1\">\n        <div class=\"tb_text_wrap\">\n    <div style=\"position:relative;overflow:hidden;height:1200px;width:100%;\"><iframe title='Donation form powered by Zeffy' style='position: absolute; border: 0; top:0;left:0;bottom:0;right:0;width:100%;height:100%' src='https:\/\/www.zeffy.com\/embed\/donation-form\/donate-to-save-sandy-beach' allowpaymentrequest allowtransparency=\"true\"><\/iframe><\/div>    <\/div>\n<\/div>\n<!-- \/module plain text -->        <\/div>\n                    <\/div>\n                <\/div>\n                        <\/div>\n        <\/div>\n        <\/div>\n<!--\/themify_builder_content-->","protected":false},"excerpt":{"rendered":"<p>FAIRE UN DON<\/p>","protected":false},"author":1,"featured_media":0,"parent":0,"menu_order":0,"comment_status":"closed","ping_status":"closed","template":"","meta":{"footnotes":""},"class_list":["post-673","page","type-page","status-publish","hentry","has-post-title","has-post-date","has-post-category","has-post-tag","has-post-comment","has-post-author",""],"builder_content":"<h1>Donate<\/h1>\n<p style=\"text-align: center;\">Thank you for supporting our efforts to protect Sandy Beach \u2013 forever!<br \/> Your generous donation will help further our mission to \"minimize the financial impact on taxpayers (in Hudson) by helping to secure the legal and financial pathways leading to long-term stewardship of this precious natural space\". As such, we expect to use donated funds to help purchase, and ultimately maintain, the entire Sandy Beach site, working in concert with the Town of Hudson.<br \/> <strong>The Sandy Beach Conservancy will issue a tax receipt for all donations of $50 or more.<\/strong><\/p>\n<iframe title='Donation form powered by Zeffy' style='position: absolute; border: 0; top:0;left:0;bottom:0;right:0;width:100%;height:100%' src='https:\/\/www.zeffy.com\/embed\/donation-form\/donate-to-save-sandy-beach' allowpaymentrequest allowTransparency=\"true\"><\/iframe>","_links":{"self":[{"href":"https:\/\/ilovesandybeach.org\/fr\/wp-json\/wp\/v2\/pages\/673","targetHints":{"allow":["GET"]}}],"collection":[{"href":"https:\/\/ilovesandybeach.org\/fr\/wp-json\/wp\/v2\/pages"}],"about":[{"href":"https:\/\/ilovesandybeach.org\/fr\/wp-json\/wp\/v2\/types\/page"}],"author":[{"embeddable":true,"href":"https:\/\/ilovesandybeach.org\/fr\/wp-json\/wp\/v2\/users\/1"}],"replies":[{"embeddable":true,"href":"https:\/\/ilovesandybeach.org\/fr\/wp-json\/wp\/v2\/comments?post=673"}],"version-history":[{"count":29,"href":"https:\/\/ilovesandybeach.org\/fr\/wp-json\/wp\/v2\/pages\/673\/revisions"}],"predecessor-version":[{"id":2403,"href":"https:\/\/ilovesandybeach.org\/fr\/wp-json\/wp\/v2\/pages\/673\/revisions\/2403"}],"wp:attachment":[{"href":"https:\/\/ilovesandybeach.org\/fr\/wp-json\/wp\/v2\/media?parent=673"}],"curies":[{"name":"wp","href":"https:\/\/api.w.org\/{rel}","templated":true}]}}